{"id":3,"date":"2023-09-21T12:08:21","date_gmt":"2023-09-21T10:08:21","guid":{"rendered":"https:\/\/cispeo.org\/petite-enfance\/?page_id=3"},"modified":"2024-12-17T17:28:06","modified_gmt":"2024-12-17T16:28:06","slug":"politique-de-confidentialite","status":"publish","type":"page","link":"https:\/\/cispeo.org\/petite-enfance\/politique-de-confidentialite\/","title":{"rendered":"Politique de confidentialit\u00e9"},"content":{"rendered":"[et_pb_section fb_built=\u00a0\u00bb1&Prime; admin_label=\u00a0\u00bbsection\u00a0\u00bb _builder_version=\u00a0\u00bb4.16&Prime; global_colors_info=\u00a0\u00bb{}\u00a0\u00bb][et_pb_row admin_label=\u00a0\u00bbrow\u00a0\u00bb _builder_version=\u00a0\u00bb4.16&Prime; background_size=\u00a0\u00bbinitial\u00a0\u00bb background_position=\u00a0\u00bbtop_left\u00a0\u00bb background_repeat=\u00a0\u00bbrepeat\u00a0\u00bb global_colors_info=\u00a0\u00bb{}\u00a0\u00bb][et_pb_column type=\u00a0\u00bb4_4&Prime; _builder_version=\u00a0\u00bb4.16&Prime; custom_padding=\u00a0\u00bb|||\u00a0\u00bb global_colors_info=\u00a0\u00bb{}\u00a0\u00bb custom_padding__hover=\u00a0\u00bb|||\u00a0\u00bb][et_pb_text admin_label=\u00a0\u00bbText\u00a0\u00bb _builder_version=\u00a0\u00bb4.22.1&Prime; text_font=\u00a0\u00bbPoppins||||||||\u00a0\u00bb header_font=\u00a0\u00bbSignPainter||||||||\u00a0\u00bb header_text_color=\u00a0\u00bb#000030&Prime; header_font_size=\u00a0\u00bb72px\u00a0\u00bb header_2_font=\u00a0\u00bbPeugeot Expanded||||||||\u00a0\u00bb header_2_text_color=\u00a0\u00bb#000030&Prime; background_size=\u00a0\u00bbinitial\u00a0\u00bb background_position=\u00a0\u00bbtop_left\u00a0\u00bb background_repeat=\u00a0\u00bbrepeat\u00a0\u00bb hover_enabled=\u00a0\u00bb0&Prime; header_font_size_tablet=\u00a0\u00bb54px\u00a0\u00bb header_font_size_phone=\u00a0\u00bb54px\u00a0\u00bb header_font_size_last_edited=\u00a0\u00bbon|tablet\u00a0\u00bb global_colors_info=\u00a0\u00bb{}\u00a0\u00bb sticky_enabled=\u00a0\u00bb0&Prime;]<p><\/p>\n<h1 class=\"wp-block-heading\">Politique de confidentialit\u00e9<\/h1>\n<p>&nbsp;<\/p>\n<ol>\n<li><strong> Pr\u00e9sentation du site.<\/strong><\/li>\n<\/ol>\n<p>N\u00b0 SIRET : 30041260800022<br \/>APE\/NAF : Enseignement secondaire g\u00e9n\u00e9ral (8531Z)<br \/>Adresse : 5 AVENUE LENINE 37700 SAINT-PIERRE-DES-CORPS<br \/>E-mail : secretariat@cispeo.fr<\/p>\n<ol start=\"2\">\n<li><strong> Pourquoi utilisons-nous vos donn\u00e9es personnelles ?<\/strong><\/li>\n<\/ol>\n<p>Nous collectons des informations vous concernant lorsque vous utilisez le site et interagissez avec nous. En g\u00e9n\u00e9ral, celles-ci sont :<\/p>\n<ul>\n<li>Vos donn\u00e9es d\u2019identification\u00a0(par exemple lors de la cr\u00e9ation de votre compte : votre pr\u00e9nom, votre nom, adresse etc.)<\/li>\n<li>L\u2019information \u00e9conomique\u00a0(par exemple, l\u2019information sur vos achats, vos commandes, vos retours, etc.)<\/li>\n<li>Les donn\u00e9es de navigation, de connexion et de g\u00e9olocalisation\u00a0(si vous naviguez sur notre site \u00e0 partir de votre smartphone par exemple)<\/li>\n<li>L\u2019information commerciale\u00a0(par exemple, si vous \u00eates abonn\u00e9 \u00e0 notre newsletter)<\/li>\n<\/ul>\n<p>Vos donn\u00e9es personnelles seront trait\u00e9es pour les finalit\u00e9s suivantes :<\/p>\n<ul>\n<li>Pour des finalit\u00e9s marketing :\u00a0(Sous r\u00e9serve de votre consentement.) Si vous \u00eates abonn\u00e9 \u00e0 notre Newsletter, nous traiterons vos donn\u00e9es personnelles pour g\u00e9rer votre abonnement, et l\u2019envoi d\u2019informations sur nos actualit\u00e9s, produits ou nos services par e-mail. Si vous \u00eates un utilisateur inscrit, nous vous fournirons la fonctionnalit\u00e9 de \u00ab r\u00e9cup\u00e9ration du panier \u00bb. Mise en place d\u2019actions promotionnelles (par exemple, pour la r\u00e9alisation d\u2019un jeu concours). En participant \u00e0 une action promotionnelle, vous nous autorisez \u00e0 traiter les donn\u00e9es fournies en fonction de chaque action promotionnelle.<\/li>\n<li>Analyse statistique de l\u2019ergonomie et performances du site :\u00a0Quand vous acc\u00e9dez \u00e0 notre site, nous traitons vos donn\u00e9es de navigation pour des fins d\u2019analyse et de statistique, afin de comprendre comment interagissent les utilisateurs avec notre site et am\u00e9liorer nos services. Voir notre politique sur les cookies pour plus d\u2019informations.<\/li>\n<\/ul>\n<p><strong>Pendant combien de temps vos donn\u00e9es seront-elles conserv\u00e9es ?<\/strong><\/p>\n<p>Aucunes de vos donn\u00e9es personnelles ne sont transmises \u00e0 des tiers.<\/p>\n<p><strong>Quels sont vos droits quand vous nous fournissez vos donn\u00e9es ?<\/strong><\/p>\n<p>Nous nous engageons \u00e0 respecter la confidentialit\u00e9 de vos donn\u00e9es personnelles et \u00e0 garantir l\u2019exercice de vos droits. Vous pouvez nous contacter par mail \u00e0 l\u2019adresse secretariat@cispeo.fr en indiquant le motif de votre demande et nous demander :<\/p>\n<ul>\n<li>L\u2019acc\u00e8s aux donn\u00e9es dont nous disposons sur vous.\u00a0(Disponible dans votre espace client si vous \u00eates inscrit sur notre site).<\/li>\n<li>La rectification des donn\u00e9es\u00a0dont nous disposons. (Disponible dans votre espace client si vous \u00eates inscrit sur notre site). N\u2019oubliez-pas qu\u2019en nous fournissant vos donn\u00e9es personnelles vous vous assurez que celles-ci sont exactes et que vous vous engagez \u00e0 nous communiquer tout changement. Tout dommage ou perte caus\u00e9e \u00e0 cause d\u2019information erron\u00e9e ou incompl\u00e8te dans les formulaires d\u2019inscription, rel\u00e8ve de la responsabilit\u00e9 exclusive de l\u2019utilisateur.<\/li>\n<li>De supprimer vos donn\u00e9es.<\/li>\n<\/ul>\n<p><strong>Changements de la politique de confidentialit\u00e9<\/strong><\/p>\n<p>L\u2019information contenue dans cette Politique de confidentialit\u00e9 peut \u00eatre modifi\u00e9e si nous le jugeons utile. Le cas \u00e9ch\u00e9ant, ceci vous sera notifi\u00e9 par plusieurs voies \u00e0 travers la Plateforme (par exemple une banni\u00e8re, une fen\u00eatre pop-up ou une notification push), ou m\u00eame communiqu\u00e9 \u00e0 votre adresse \u00e9lectronique.<\/p>\n<p><strong>Qu\u2019est-ce qu\u2019un cookie ?<\/strong><\/p>\n<p>Un cookie est un petit fichier texte qui peut \u00eatre plac\u00e9 sur votre terminal \u00e0 l\u2019occasion de la consultation d\u2019un site internet. Un fichier cookie permet \u00e0 son \u00e9metteur d\u2019identifier le terminal dans lequel il est enregistr\u00e9, pendant la dur\u00e9e de validit\u00e9 ou d\u2019enregistrement dudit cookie. Certains cookies sont indispensables \u00e0 l\u2019utilisation du site, d\u2019autres permettent d\u2019optimiser et de personnaliser les contenus affich\u00e9s.<\/p>\n<p><strong>Par qui sont d\u00e9pos\u00e9s les cookies ?<\/strong><\/p>\n<p>Les cookies plac\u00e9s sur notre site peuvent \u00eatre d\u00e9pos\u00e9s par secretariat@cispeo.fr ou par des tiers. Les cookies d\u00e9pos\u00e9s par secretariat@cispeo.fr, ce sont essentiellement ceux li\u00e9s au fonctionnement de notre site internet. Les autres sont des cookies tiers d\u00e9pos\u00e9s par nos outils de statistiques tels que Google Analytics.<\/p>\n<p><strong>Les cookies n\u00e9cessaires ?<\/strong><\/p>\n<p>Les cookies n\u00e9cessaires contribuent \u00e0 rendre un site Web utilisable en activant des fonctions de base comme la navigation de page et l\u2019acc\u00e8s aux zones s\u00e9curis\u00e9es du site Web. Le site Web ne peut pas fonctionner correctement sans ces cookies.<\/p>\n<p>Il s\u2019agit des cookies indispensables \u00e0 la navigation sur notre site qui vous permettent d\u2019utiliser les principales fonctionnalit\u00e9s du site et de s\u00e9curiser votre connexion. Ils vous permettent par exemple d\u2019acc\u00e9der directement \u00e0 des espaces r\u00e9serv\u00e9s et personnels de notre site, gr\u00e2ce \u00e0 des identifiants.<\/p>\n<p><strong>Gestion des cookies<\/strong><\/p>\n<p>Vous disposez de diff\u00e9rents moyens pour g\u00e9rer vos cookies. Vous pouvez \u00e0 tout moment choisir de d\u00e9sactiver ces cookies. Vous pouvez les accepter ou les refuser. Nous vous rappelons que le param\u00e9trage est susceptible de modifier vos conditions d\u2019acc\u00e8s \u00e0 nos services n\u00e9cessitant l\u2019utilisation de cookies.<\/p>\n<p><strong>Les cookies pr\u00e9sents sur le site<\/strong><\/p>\n<p><strong>Param\u00e9trez votre navigateur<\/strong><\/p>\n<p>La plupart des navigateurs acceptent les cookies par d\u00e9faut. Cependant, vous pouvez d\u00e9cider de bloquer ces cookies ou demander \u00e0 votre navigateur de vous avertir lorsqu\u2019un site tente d\u2019impl\u00e9menter un cookie sur votre terminal. Pour changer la gestion des cookies de votre navigateur, vous pouvez modifier les r\u00e9glages dans l\u2019onglet confidentialit\u00e9. Attention, certaines fonctionnalit\u00e9s du site peuvent ne plus fonctionner. La configuration de chaque navigateur est diff\u00e9rente. Elle est d\u00e9crite dans le menu d\u2019aide de votre navigateur, qui vous permettra de savoir de quelle mani\u00e8re modifier vos souhaits en mati\u00e8re de cookies.<\/p>\n<p>Pour Chrome : https:\/\/support.google.com\/accounts\/answer\/61416?hl=fr<\/p>\n<p>Pour Internet Explorer :\u00a0https:\/\/support.microsoft.com\/fr-fr\/help\/17442\/windows-internet-explorer-delete-manage-cookies<\/p>\n<p>Pour Firefox :\u00a0https:\/\/support.mozilla.org\/fr\/kb\/enable-and-disable-cookies-website-preferences<\/p>\n<p>Pour Op\u00e9ra :\u00a0https:\/\/help.opera.com\/en\/latest\/security-and-privacy<\/p>\n<p>Pour Safari :\u00a0https:\/\/www.apple.com\/legal\/privacy\/fr-ww<\/p>\n<p><strong>Plus d\u2019informations sur les cookies<\/strong><\/p>\n<p>Pour plus d\u2019informations sur les cookies, vous pouvez vous rendre sur le site de la CNIL, \u00e0 cette adresse : https:\/\/www.cnil.fr\/vos-droits\/vos-traces\/les-cookies<\/p>\n<p>&nbsp;<\/p>\n<p>&nbsp;<\/p>\n<p><\/p>[\/et_pb_text][\/et_pb_column][\/et_pb_row][\/et_pb_section]","protected":false},"excerpt":{"rendered":"<p>Politique de confidentialit\u00e9 &nbsp; Pr\u00e9sentation du site. N\u00b0 SIRET : 30041260800022APE\/NAF : Enseignement secondaire g\u00e9n\u00e9ral (8531Z)Adresse : 5 AVENUE LENINE 37700 SAINT-PIERRE-DES-CORPSE-mail : secretariat@cispeo.fr Pourquoi utilisons-nous vos donn\u00e9es personnelles ? Nous collectons des informations vous concernant lorsque vous utilisez le site et interagissez avec nous. En g\u00e9n\u00e9ral, celles-ci sont : Vos donn\u00e9es d\u2019identification\u00a0(par exemple lors [&hellip;]<\/p>\n","protected":false},"author":1,"featured_media":0,"parent":0,"menu_order":0,"comment_status":"closed","ping_status":"open","template":"","meta":{"_et_pb_use_builder":"on","_et_pb_old_content":"<!-- wp:heading --><h2>Qui sommes-nous\u00a0?<\/h2><!-- \/wp:heading --><!-- wp:paragraph --><p><strong class=\"privacy-policy-tutorial\">Texte sugg\u00e9r\u00e9\u00a0: <\/strong>L\u2019adresse de notre site est\u00a0: https:\/\/cispeo.org\/petite-enfance.<\/p><!-- \/wp:paragraph --><!-- wp:heading --><h2>Commentaires<\/h2><!-- \/wp:heading --><!-- wp:paragraph --><p><strong class=\"privacy-policy-tutorial\">Texte sugg\u00e9r\u00e9\u00a0: <\/strong>Quand vous laissez un commentaire sur notre site, les donn\u00e9es inscrites dans le formulaire de commentaire, ainsi que votre adresse IP et l\u2019agent utilisateur de votre navigateur sont collect\u00e9s pour nous aider \u00e0 la d\u00e9tection des commentaires ind\u00e9sirables.<\/p><!-- \/wp:paragraph --><!-- wp:paragraph --><p>Une cha\u00eene anonymis\u00e9e cr\u00e9\u00e9e \u00e0 partir de votre adresse e-mail (\u00e9galement appel\u00e9e hash) peut \u00eatre envoy\u00e9e au service Gravatar pour v\u00e9rifier si vous utilisez ce dernier. Les clauses de confidentialit\u00e9 du service Gravatar sont disponibles ici\u00a0: https:\/\/automattic.com\/privacy\/. Apr\u00e8s validation de votre commentaire, votre photo de profil sera visible publiquement \u00e0 cot\u00e9 de votre commentaire.<\/p><!-- \/wp:paragraph --><!-- wp:heading --><h2>M\u00e9dias<\/h2><!-- \/wp:heading --><!-- wp:paragraph --><p><strong class=\"privacy-policy-tutorial\">Texte sugg\u00e9r\u00e9\u00a0: <\/strong>Si vous t\u00e9l\u00e9versez des images sur le site, nous vous conseillons d\u2019\u00e9viter de t\u00e9l\u00e9verser des images contenant des donn\u00e9es EXIF de coordonn\u00e9es GPS. Les personnes visitant votre site peuvent t\u00e9l\u00e9charger et extraire des donn\u00e9es de localisation depuis ces images.<\/p><!-- \/wp:paragraph --><!-- wp:heading --><h2>Cookies<\/h2><!-- \/wp:heading --><!-- wp:paragraph --><p><strong class=\"privacy-policy-tutorial\">Texte sugg\u00e9r\u00e9\u00a0: <\/strong>Si vous d\u00e9posez un commentaire sur notre site, il vous sera propos\u00e9 d\u2019enregistrer votre nom, adresse e-mail et site dans des cookies. C\u2019est uniquement pour votre confort afin de ne pas avoir \u00e0 saisir ces informations si vous d\u00e9posez un autre commentaire plus tard. Ces cookies expirent au bout d\u2019un an.<\/p><!-- \/wp:paragraph --><!-- wp:paragraph --><p>Si vous vous rendez sur la page de connexion, un cookie temporaire sera cr\u00e9\u00e9 afin de d\u00e9terminer si votre navigateur accepte les cookies. Il ne contient pas de donn\u00e9es personnelles et sera supprim\u00e9 automatiquement \u00e0 la fermeture de votre navigateur.<\/p><!-- \/wp:paragraph --><!-- wp:paragraph --><p>Lorsque vous vous connecterez, nous mettrons en place un certain nombre de cookies pour enregistrer vos informations de connexion et vos pr\u00e9f\u00e9rences d\u2019\u00e9cran. La dur\u00e9e de vie d\u2019un cookie de connexion est de deux jours, celle d\u2019un cookie d\u2019option d\u2019\u00e9cran est d\u2019un an. Si vous cochez \u00ab\u00a0Se souvenir de moi\u00a0\u00bb, votre cookie de connexion sera conserv\u00e9 pendant deux semaines. Si vous vous d\u00e9connectez de votre compte, le cookie de connexion sera effac\u00e9.<\/p><!-- \/wp:paragraph --><!-- wp:paragraph --><p>En modifiant ou en publiant une publication, un cookie suppl\u00e9mentaire sera enregistr\u00e9 dans votre navigateur. Ce cookie ne comprend aucune donn\u00e9e personnelle. Il indique simplement l\u2019ID de la publication que vous venez de modifier. Il expire au bout d\u2019un jour.<\/p><!-- \/wp:paragraph --><!-- wp:heading --><h2>Contenu embarqu\u00e9 depuis d\u2019autres sites<\/h2><!-- \/wp:heading --><!-- wp:paragraph --><p><strong class=\"privacy-policy-tutorial\">Texte sugg\u00e9r\u00e9\u00a0: <\/strong>Les articles de ce site peuvent inclure des contenus int\u00e9gr\u00e9s (par exemple des vid\u00e9os, images, articles\u2026). Le contenu int\u00e9gr\u00e9 depuis d\u2019autres sites se comporte de la m\u00eame mani\u00e8re que si le visiteur se rendait sur cet autre site.<\/p><!-- \/wp:paragraph --><!-- wp:paragraph --><p>Ces sites web pourraient collecter des donn\u00e9es sur vous, utiliser des cookies, embarquer des outils de suivis tiers, suivre vos interactions avec ces contenus embarqu\u00e9s si vous disposez d\u2019un compte connect\u00e9 sur leur site web.<\/p><!-- \/wp:paragraph --><!-- wp:heading --><h2>Utilisation et transmission de vos donn\u00e9es personnelles<\/h2><!-- \/wp:heading --><!-- wp:paragraph --><p><strong class=\"privacy-policy-tutorial\">Texte sugg\u00e9r\u00e9\u00a0: <\/strong>Si vous demandez une r\u00e9initialisation de votre mot de passe, votre adresse IP sera incluse dans l\u2019e-mail de r\u00e9initialisation.<\/p><!-- \/wp:paragraph --><!-- wp:heading --><h2>Dur\u00e9es de stockage de vos donn\u00e9es<\/h2><!-- \/wp:heading --><!-- wp:paragraph --><p><strong class=\"privacy-policy-tutorial\">Texte sugg\u00e9r\u00e9\u00a0: <\/strong>Si vous laissez un commentaire, le commentaire et ses m\u00e9tadonn\u00e9es sont conserv\u00e9s ind\u00e9finiment. Cela permet de reconna\u00eetre et approuver automatiquement les commentaires suivants au lieu de les laisser dans la file de mod\u00e9ration.<\/p><!-- \/wp:paragraph --><!-- wp:paragraph --><p>Pour les comptes qui s\u2019inscrivent sur notre site (le cas \u00e9ch\u00e9ant), nous stockons \u00e9galement les donn\u00e9es personnelles indiqu\u00e9es dans leur profil. Tous les comptes peuvent voir, modifier ou supprimer leurs informations personnelles \u00e0 tout moment (\u00e0 l\u2019exception de leur identifiant). Les gestionnaires du site peuvent aussi voir et modifier ces informations.<\/p><!-- \/wp:paragraph --><!-- wp:heading --><h2>Les droits que vous avez sur vos donn\u00e9es<\/h2><!-- \/wp:heading --><!-- wp:paragraph --><p><strong class=\"privacy-policy-tutorial\">Texte sugg\u00e9r\u00e9\u00a0: <\/strong>Si vous avez un compte ou si vous avez laiss\u00e9 des commentaires sur le site, vous pouvez demander \u00e0 recevoir un fichier contenant toutes les donn\u00e9es personnelles que nous poss\u00e9dons \u00e0 votre sujet, incluant celles que vous nous avez fournies. Vous pouvez \u00e9galement demander la suppression des donn\u00e9es personnelles vous concernant. Cela ne prend pas en compte les donn\u00e9es stock\u00e9es \u00e0 des fins administratives, l\u00e9gales ou pour des raisons de s\u00e9curit\u00e9.<\/p><!-- \/wp:paragraph --><!-- wp:heading --><h2>O\u00f9 vos donn\u00e9es sont envoy\u00e9es<\/h2><!-- \/wp:heading --><!-- wp:paragraph --><p><strong class=\"privacy-policy-tutorial\">Texte sugg\u00e9r\u00e9\u00a0: <\/strong>Les commentaires des visiteurs peuvent \u00eatre v\u00e9rifi\u00e9s \u00e0 l\u2019aide d\u2019un service automatis\u00e9 de d\u00e9tection des commentaires ind\u00e9sirables.<\/p><!-- \/wp:paragraph -->","_et_gb_content_width":"","inline_featured_image":false,"footnotes":""},"class_list":["post-3","page","type-page","status-publish","hentry"],"yoast_head":"<!-- This site is optimized with the Yoast SEO plugin v27.3 - https:\/\/yoast.com\/product\/yoast-seo-wordpress\/ -->\n<title>Politique de confidentialit\u00e9 - Cispeo petite enfance<\/title>\n<meta name=\"robots\" content=\"index, follow, max-snippet:-1, max-image-preview:large, max-video-preview:-1\" \/>\n<link rel=\"canonical\" href=\"https:\/\/cispeo.org\/petite-enfance\/politique-de-confidentialite\/\" \/>\n<meta property=\"og:locale\" content=\"fr_FR\" \/>\n<meta property=\"og:type\" content=\"article\" \/>\n<meta property=\"og:title\" content=\"Politique de confidentialit\u00e9 - Cispeo petite enfance\" \/>\n<meta property=\"og:description\" content=\"Politique de confidentialit\u00e9 &nbsp; Pr\u00e9sentation du site. N\u00b0 SIRET : 30041260800022APE\/NAF : Enseignement secondaire g\u00e9n\u00e9ral (8531Z)Adresse : 5 AVENUE LENINE 37700 SAINT-PIERRE-DES-CORPSE-mail : secretariat@cispeo.fr Pourquoi utilisons-nous vos donn\u00e9es personnelles ? Nous collectons des informations vous concernant lorsque vous utilisez le site et interagissez avec nous. En g\u00e9n\u00e9ral, celles-ci sont : Vos donn\u00e9es d\u2019identification\u00a0(par exemple lors [&hellip;]\" \/>\n<meta property=\"og:url\" content=\"https:\/\/cispeo.org\/petite-enfance\/politique-de-confidentialite\/\" \/>\n<meta property=\"og:site_name\" content=\"Cispeo petite enfance\" \/>\n<meta property=\"article:modified_time\" content=\"2024-12-17T16:28:06+00:00\" \/>\n<meta name=\"twitter:card\" content=\"summary_large_image\" \/>\n<meta name=\"twitter:label1\" content=\"Dur\u00e9e de lecture estim\u00e9e\" \/>\n\t<meta name=\"twitter:data1\" content=\"6 minutes\" \/>\n<script type=\"application\/ld+json\" class=\"yoast-schema-graph\">{\"@context\":\"https:\\\/\\\/schema.org\",\"@graph\":[{\"@type\":\"WebPage\",\"@id\":\"https:\\\/\\\/cispeo.org\\\/petite-enfance\\\/politique-de-confidentialite\\\/\",\"url\":\"https:\\\/\\\/cispeo.org\\\/petite-enfance\\\/politique-de-confidentialite\\\/\",\"name\":\"Politique de confidentialit\u00e9 - Cispeo petite enfance\",\"isPartOf\":{\"@id\":\"https:\\\/\\\/cispeo.org\\\/petite-enfance\\\/#website\"},\"datePublished\":\"2023-09-21T10:08:21+00:00\",\"dateModified\":\"2024-12-17T16:28:06+00:00\",\"breadcrumb\":{\"@id\":\"https:\\\/\\\/cispeo.org\\\/petite-enfance\\\/politique-de-confidentialite\\\/#breadcrumb\"},\"inLanguage\":\"fr-FR\",\"potentialAction\":[{\"@type\":\"ReadAction\",\"target\":[\"https:\\\/\\\/cispeo.org\\\/petite-enfance\\\/politique-de-confidentialite\\\/\"]}]},{\"@type\":\"BreadcrumbList\",\"@id\":\"https:\\\/\\\/cispeo.org\\\/petite-enfance\\\/politique-de-confidentialite\\\/#breadcrumb\",\"itemListElement\":[{\"@type\":\"ListItem\",\"position\":1,\"name\":\"Accueil\",\"item\":\"https:\\\/\\\/cispeo.org\\\/petite-enfance\\\/\"},{\"@type\":\"ListItem\",\"position\":2,\"name\":\"Politique de confidentialit\u00e9\"}]},{\"@type\":\"WebSite\",\"@id\":\"https:\\\/\\\/cispeo.org\\\/petite-enfance\\\/#website\",\"url\":\"https:\\\/\\\/cispeo.org\\\/petite-enfance\\\/\",\"name\":\"Cispeo petite enfance\",\"description\":\"\",\"potentialAction\":[{\"@type\":\"SearchAction\",\"target\":{\"@type\":\"EntryPoint\",\"urlTemplate\":\"https:\\\/\\\/cispeo.org\\\/petite-enfance\\\/?s={search_term_string}\"},\"query-input\":{\"@type\":\"PropertyValueSpecification\",\"valueRequired\":true,\"valueName\":\"search_term_string\"}}],\"inLanguage\":\"fr-FR\"}]}<\/script>\n<!-- \/ Yoast SEO plugin. -->","yoast_head_json":{"title":"Politique de confidentialit\u00e9 - Cispeo petite enfance","robots":{"index":"index","follow":"follow","max-snippet":"max-snippet:-1","max-image-preview":"max-image-preview:large","max-video-preview":"max-video-preview:-1"},"canonical":"https:\/\/cispeo.org\/petite-enfance\/politique-de-confidentialite\/","og_locale":"fr_FR","og_type":"article","og_title":"Politique de confidentialit\u00e9 - Cispeo petite enfance","og_description":"Politique de confidentialit\u00e9 &nbsp; Pr\u00e9sentation du site. N\u00b0 SIRET : 30041260800022APE\/NAF : Enseignement secondaire g\u00e9n\u00e9ral (8531Z)Adresse : 5 AVENUE LENINE 37700 SAINT-PIERRE-DES-CORPSE-mail : secretariat@cispeo.fr Pourquoi utilisons-nous vos donn\u00e9es personnelles ? Nous collectons des informations vous concernant lorsque vous utilisez le site et interagissez avec nous. En g\u00e9n\u00e9ral, celles-ci sont : Vos donn\u00e9es d\u2019identification\u00a0(par exemple lors [&hellip;]","og_url":"https:\/\/cispeo.org\/petite-enfance\/politique-de-confidentialite\/","og_site_name":"Cispeo petite enfance","article_modified_time":"2024-12-17T16:28:06+00:00","twitter_card":"summary_large_image","twitter_misc":{"Dur\u00e9e de lecture estim\u00e9e":"6 minutes"},"schema":{"@context":"https:\/\/schema.org","@graph":[{"@type":"WebPage","@id":"https:\/\/cispeo.org\/petite-enfance\/politique-de-confidentialite\/","url":"https:\/\/cispeo.org\/petite-enfance\/politique-de-confidentialite\/","name":"Politique de confidentialit\u00e9 - Cispeo petite enfance","isPartOf":{"@id":"https:\/\/cispeo.org\/petite-enfance\/#website"},"datePublished":"2023-09-21T10:08:21+00:00","dateModified":"2024-12-17T16:28:06+00:00","breadcrumb":{"@id":"https:\/\/cispeo.org\/petite-enfance\/politique-de-confidentialite\/#breadcrumb"},"inLanguage":"fr-FR","potentialAction":[{"@type":"ReadAction","target":["https:\/\/cispeo.org\/petite-enfance\/politique-de-confidentialite\/"]}]},{"@type":"BreadcrumbList","@id":"https:\/\/cispeo.org\/petite-enfance\/politique-de-confidentialite\/#breadcrumb","itemListElement":[{"@type":"ListItem","position":1,"name":"Accueil","item":"https:\/\/cispeo.org\/petite-enfance\/"},{"@type":"ListItem","position":2,"name":"Politique de confidentialit\u00e9"}]},{"@type":"WebSite","@id":"https:\/\/cispeo.org\/petite-enfance\/#website","url":"https:\/\/cispeo.org\/petite-enfance\/","name":"Cispeo petite enfance","description":"","potentialAction":[{"@type":"SearchAction","target":{"@type":"EntryPoint","urlTemplate":"https:\/\/cispeo.org\/petite-enfance\/?s={search_term_string}"},"query-input":{"@type":"PropertyValueSpecification","valueRequired":true,"valueName":"search_term_string"}}],"inLanguage":"fr-FR"}]}},"_links":{"self":[{"href":"https:\/\/cispeo.org\/petite-enfance\/wp-json\/wp\/v2\/pages\/3","targetHints":{"allow":["GET"]}}],"collection":[{"href":"https:\/\/cispeo.org\/petite-enfance\/wp-json\/wp\/v2\/pages"}],"about":[{"href":"https:\/\/cispeo.org\/petite-enfance\/wp-json\/wp\/v2\/types\/page"}],"author":[{"embeddable":true,"href":"https:\/\/cispeo.org\/petite-enfance\/wp-json\/wp\/v2\/users\/1"}],"replies":[{"embeddable":true,"href":"https:\/\/cispeo.org\/petite-enfance\/wp-json\/wp\/v2\/comments?post=3"}],"version-history":[{"count":3,"href":"https:\/\/cispeo.org\/petite-enfance\/wp-json\/wp\/v2\/pages\/3\/revisions"}],"predecessor-version":[{"id":983,"href":"https:\/\/cispeo.org\/petite-enfance\/wp-json\/wp\/v2\/pages\/3\/revisions\/983"}],"wp:attachment":[{"href":"https:\/\/cispeo.org\/petite-enfance\/wp-json\/wp\/v2\/media?parent=3"}],"curies":[{"name":"wp","href":"https:\/\/api.w.org\/{rel}","templated":true}]}}